{"id":659,"date":"2025-12-18T13:58:31","date_gmt":"2025-12-18T13:58:31","guid":{"rendered":"https:\/\/schulwegsicherheit.ch\/sws\/?page_id=659"},"modified":"2026-01-08T12:48:12","modified_gmt":"2026-01-08T12:48:12","slug":"monitoring-schulwegsicherheit","status":"publish","type":"page","link":"https:\/\/schulwegsicherheit.ch\/sws\/index.php\/monitoring-schulwegsicherheit\/","title":{"rendered":"Monitoring Schulwegsicherheit"},"content":{"rendered":"\n<div class=\"wp-block-group alignfull has-global-padding is-layout-constrained wp-block-group-is-layout-constrained\">\n<div class=\"wp-block-columns alignfull is-layout-flex wp-container-core-columns-is-layout-cf9dd0f5 wp-block-columns-is-layout-flex\" style=\"border-bottom-width:1px;margin-top:0;margin-bottom:0;padding-top:0;padding-right:0;padding-bottom:0;padding-left:0\">\n<div class=\"wp-block-column has-background is-layout-flow wp-block-column-is-layout-flow\" style=\"background-color:#e3baba;flex-basis:10vw\"><\/div>\n\n\n\n<div class=\"wp-block-column has-background is-layout-flow wp-container-core-column-is-layout-24419d1c wp-block-column-is-layout-flow\" style=\"background-color:#e3baba;padding-top:var(--wp--preset--spacing--30);padding-right:var(--wp--preset--spacing--30);padding-bottom:var(--wp--preset--spacing--30);padding-left:var(--wp--preset--spacing--30);flex-basis:40vw\">\n<div class=\"wp-block-group has-global-padding is-layout-constrained wp-block-group-is-layout-constrained\" style=\"margin-top:0;margin-bottom:0;padding-top:0;padding-bottom:0\">\n<h1 class=\"wp-block-heading has-text-align-left is-style-default has-georgia-font-family has-xx-large-font-size\">Monitoring Schulwegsicherheit<\/h1>\n\n\n\n<div style=\"height:38px\" aria-hidden=\"true\" class=\"wp-block-spacer\"><\/div>\n\n\n\n<h1 class=\"wp-block-heading has-text-align-left is-style-default has-ab-baldingerpro-font-family has-x-large-font-size\" style=\"font-style:normal;font-weight:700\">Vorher-Nachher-Monitoring: Schulweg Thurgauerstrasse ohne \/ mit provisorischer Passerelle&nbsp;<\/h1>\n\n\n\n<div style=\"height:2vh\" aria-hidden=\"true\" class=\"wp-block-spacer\"><\/div>\n\n\n\n<div class=\"wp-block-jetpack-slideshow\" data-effect=\"slide\" style=\"--aspect-ratio:calc(2560 \/ 1442)\"><div class=\"wp-block-jetpack-slideshow_container swiper\"><ul class=\"wp-block-jetpack-slideshow_swiper-wrapper swiper-wrapper\"><li class=\"wp-block-jetpack-slideshow_slide swiper-slide\"><figure><img loading=\"lazy\" decoding=\"async\" width=\"2560\" height=\"1442\" alt=\"Situation Fussg\u00e4ngerstreifen mit Tramtrassee und vierspuriger Strasse \" class=\"wp-block-jetpack-slideshow_image wp-image-660\" data-id=\"660\" data-aspect-ratio=\"2560 \/ 1442\" src=\"https:\/\/schulwegsicherheit.ch\/sws\/wp-content\/uploads\/2025\/12\/Bild01-2-scaled.jpg\" srcset=\"https:\/\/schulwegsicherheit.ch\/sws\/wp-content\/uploads\/2025\/12\/Bild01-2-scaled.jpg 2560w, https:\/\/schulwegsicherheit.ch\/sws\/wp-content\/uploads\/2025\/12\/Bild01-2-300x169.jpg 300w, https:\/\/schulwegsicherheit.ch\/sws\/wp-content\/uploads\/2025\/12\/Bild01-2-1024x577.jpg 1024w, https:\/\/schulwegsicherheit.ch\/sws\/wp-content\/uploads\/2025\/12\/Bild01-2-768x432.jpg 768w, https:\/\/schulwegsicherheit.ch\/sws\/wp-content\/uploads\/2025\/12\/Bild01-2-1536x865.jpg 1536w, https:\/\/schulwegsicherheit.ch\/sws\/wp-content\/uploads\/2025\/12\/Bild01-2-2048x1153.jpg 2048w\" sizes=\"(max-width: 2560px) 100vw, 2560px\" \/><\/figure><\/li><li class=\"wp-block-jetpack-slideshow_slide swiper-slide\"><figure><img loading=\"lazy\" decoding=\"async\" width=\"800\" height=\"533\" alt=\"\u00dcbersichtsplan Verkehrsmessungen\" class=\"wp-block-jetpack-slideshow_image wp-image-662\" data-id=\"662\" data-aspect-ratio=\"800 \/ 533\" src=\"https:\/\/schulwegsicherheit.ch\/sws\/wp-content\/uploads\/2025\/12\/Bild02_bearbeitet-1.jpg\" srcset=\"https:\/\/schulwegsicherheit.ch\/sws\/wp-content\/uploads\/2025\/12\/Bild02_bearbeitet-1.jpg 800w, https:\/\/schulwegsicherheit.ch\/sws\/wp-content\/uploads\/2025\/12\/Bild02_bearbeitet-1-300x200.jpg 300w, https:\/\/schulwegsicherheit.ch\/sws\/wp-content\/uploads\/2025\/12\/Bild02_bearbeitet-1-768x512.jpg 768w\" sizes=\"(max-width: 800px) 100vw, 800px\" \/><\/figure><\/li><\/ul><a class=\"wp-block-jetpack-slideshow_button-prev swiper-button-prev swiper-button-white\" role=\"button\"><\/a><a class=\"wp-block-jetpack-slideshow_button-next swiper-button-next swiper-button-white\" role=\"button\"><\/a><a aria-label=\"Pause Slideshow\" class=\"wp-block-jetpack-slideshow_button-pause\" role=\"button\"><\/a><div class=\"wp-block-jetpack-slideshow_pagination swiper-pagination swiper-pagination-white\"><\/div><\/div><\/div>\n\n\n\n<div style=\"height:0.5vw\" aria-hidden=\"true\" class=\"wp-block-spacer\"><\/div>\n\n\n\n<div class=\"wp-block-group has-global-padding is-content-justification-left is-layout-constrained wp-container-core-group-is-layout-12dd3699 wp-block-group-is-layout-constrained\">\n<div class=\"wp-block-columns are-vertically-aligned-top is-not-stacked-on-mobile is-layout-flex wp-container-core-columns-is-layout-e0e4babd wp-block-columns-is-layout-flex\" style=\"padding-right:0;padding-left:0\">\n<div class=\"wp-block-column is-vertically-aligned-top is-layout-flow wp-block-column-is-layout-flow\" style=\"padding-bottom:var(--wp--preset--spacing--30);font-size:clamp(0.984rem, 0.984rem + ((1vw - 0.2rem) * 0.645), 1.5rem);font-style:normal;font-weight:600;flex-basis:30%\">\n<div class=\"wp-block-columns is-layout-flex wp-container-core-columns-is-layout-cd6a0e38 wp-block-columns-is-layout-flex\" style=\"padding-bottom:0\">\n<div class=\"wp-block-column is-layout-flow wp-block-column-is-layout-flow\">\n<p class=\"has-small-font-size\" style=\"font-style:normal;font-weight:400\">Ort<\/p>\n\n\n\n<p class=\"has-large-font-size\" style=\"font-style:normal;font-weight:400\">Z\u00fcrich<\/p>\n<\/div>\n<\/div>\n<\/div>\n\n\n\n<div class=\"wp-block-column is-layout-flow wp-block-column-is-layout-flow\" style=\"flex-basis:2.5%\"><\/div>\n\n\n\n<div class=\"wp-block-column is-vertically-aligned-top is-layout-flow wp-block-column-is-layout-flow\" style=\"padding-bottom:var(--wp--preset--spacing--30);font-size:clamp(0.984rem, 0.984rem + ((1vw - 0.2rem) * 0.645), 1.5rem);font-style:normal;font-weight:600;flex-basis:35%\">\n<p class=\"has-small-font-size\" style=\"font-style:normal;font-weight:400\">Auftraggeber<\/p>\n\n\n\n<p class=\"has-large-font-size\" style=\"font-style:normal;font-weight:400\">Stadt Z\u00fcrich<\/p>\n<\/div>\n\n\n\n<div class=\"wp-block-column is-layout-flow wp-block-column-is-layout-flow\" style=\"flex-basis:2.5%\"><\/div>\n\n\n\n<div class=\"wp-block-column is-vertically-aligned-top is-layout-flow wp-block-column-is-layout-flow\" style=\"padding-bottom:0;font-size:clamp(0.984rem, 0.984rem + ((1vw - 0.2rem) * 0.645), 1.5rem);font-style:normal;font-weight:600;flex-basis:30%\">\n<p class=\"has-small-font-size\" style=\"font-style:normal;font-weight:400\">Jahr<\/p>\n\n\n\n<p class=\"has-large-font-size\" style=\"font-style:normal;font-weight:400\">2025\u20132026<\/p>\n<\/div>\n<\/div>\n<\/div>\n<\/div>\n<\/div>\n\n\n\n<div class=\"wp-block-column is-layout-flow wp-block-column-is-layout-flow\" style=\"border-top-width:1px;border-right-width:1px\"><\/div>\n\n\n\n<div class=\"wp-block-column is-layout-flow wp-block-column-is-layout-flow\" style=\"padding-top:var(--wp--preset--spacing--30);padding-right:var(--wp--preset--spacing--30);padding-bottom:var(--wp--preset--spacing--30);padding-left:var(--wp--preset--spacing--30);flex-basis:40vw\">\n<p class=\"has-large-font-size\" style=\"font-style:normal;font-weight:400\"><strong>Wie misst sich die Schulwegsicherheit in Zahlen und Fakten?<\/strong><\/p>\n\n\n\n<div style=\"height:0.75rem\" aria-hidden=\"true\" class=\"wp-block-spacer\"><\/div>\n\n\n\n<p class=\"has-large-font-size\" style=\"font-style:normal;font-weight:400\">Viele Schulkinder des Schulhauses Thurgauerstrasse in Z\u00fcrich Oerlikon m\u00fcssen die vierspurige Strasse und das Tramtrassee auf ihrem Schulweg \u00fcberqueren. Auch mit der Lichtsignalanlage am Fussg\u00e4ngerstreifen ist diese <strong>Querung<\/strong> f\u00fcr die Schulkinder eine <strong>Herausforderung<\/strong>. Verschiedene Massnahmen zur Optimierung der Sicherheit hat die Stadt Z\u00fcrich bereits umgesetzt.&nbsp;<\/p>\n\n\n\n<div style=\"height:0.75rem\" aria-hidden=\"true\" class=\"wp-block-spacer\"><\/div>\n\n\n\n<p class=\"has-large-font-size\" style=\"font-style:normal;font-weight:400\">Metron durfte nun&nbsp;<strong>abkl\u00e4ren<\/strong>, ob eine Passerelle die&nbsp;<strong>Schulwegsicherheit verbessert<\/strong>&nbsp;und ob diese von den Schulkindern angenommen wird. Daf\u00fcr wird von der Stadt Z\u00fcrich zus\u00e4tzlich zum bestehenden Fussg\u00e4ngerstreifen eine provisorische Passerelle errichtet. Metron <strong>beobachtet, wie die Schulkinder die beiden Querungen nutzen<\/strong>.<\/p>\n\n\n\n<div style=\"height:0.75rem\" aria-hidden=\"true\" class=\"wp-block-spacer\"><\/div>\n\n\n\n<p class=\"has-large-font-size\" style=\"font-style:normal;font-weight:400\">Mit verschiedenen&nbsp;<strong>Messmethoden<\/strong>&nbsp;erheben wir das Verhalten aller Verkehrsteilnehmenden im&nbsp;<strong>heutigen Zustand<\/strong>, sowie&nbsp;<strong>nach der Erstellung<\/strong>&nbsp;der provisorischen Passerelle. Mit quantitativen Messungen werden die Anzahl und Geschwindigkeit der Autofahrenden, Velos und Fussg\u00e4nger*innen erhoben. Mittels Beobachtungen werden zus\u00e4tzlich qualitative Informationen zum Verhalten aller Verkehrsteilnehmenden und dem Verkehrsablauf gesammelt. Zudem geben Schulkinder, Lehrpersonen und Tramf\u00fchrer*innen Auskunft \u00fcber kritische Orte und Situationen.<\/p>\n\n\n\n<div style=\"height:0.75rem\" aria-hidden=\"true\" class=\"wp-block-spacer\"><\/div>\n\n\n\n<p class=\"has-large-font-size\" style=\"font-style:normal;font-weight:400\">Auf Basis dieser Daten entwickeln wir weitere&nbsp;<strong>Sofortmassnahmen<\/strong>&nbsp;zur Verbesserung der Sicherheit und beurteilen nach Inbetriebnahme des Provisoriums die&nbsp;<strong>Zweckm\u00e4ssigkeit<\/strong>&nbsp;der Passerelle.<\/p>\n<\/div>\n\n\n\n<div class=\"wp-block-column has-base-2-background-color has-background is-layout-flow wp-block-column-is-layout-flow\" style=\"flex-basis:10vw\"><\/div>\n<\/div>\n<\/div>\n\n\n\n<div class=\"wp-block-group alignwide has-global-padding is-layout-constrained wp-container-core-group-is-layout-01870354 wp-block-group-is-layout-constrained\" style=\"padding-top:var(--wp--preset--spacing--10);padding-right:var(--wp--preset--spacing--10);padding-bottom:var(--wp--preset--spacing--10);padding-left:var(--wp--preset--spacing--10)\">\n<div class=\"wp-block-columns is-not-stacked-on-mobile is-layout-flex wp-container-core-columns-is-layout-e0e4babd wp-block-columns-is-layout-flex\" style=\"padding-right:0;padding-left:0\">\n<div class=\"wp-block-column is-layout-flow wp-block-column-is-layout-flow\" style=\"flex-basis:50%\">\n<p class=\"has-large-font-size\"><a href=\"https:\/\/schulwegsicherheit.ch\/sws\/index.php\/verkehrslenkung-elterntaxi\/\" data-type=\"page\" data-id=\"522\">\u2190 Verkehrslenkung \/ Elterntaxi<\/a><\/p>\n<\/div>\n\n\n\n<div class=\"wp-block-column is-layout-flow wp-block-column-is-layout-flow\" style=\"flex-basis:50%\">\n<p class=\"has-text-align-right has-large-font-size\"><a href=\"https:\/\/schulwegsicherheit.ch\/sws\/index.php\/planung-massnahmen-schulwegsicherheit\/\" data-type=\"page\" data-id=\"518\">Planung Massnahmen Schulwegsicherheit \u2192<\/a><\/p>\n<\/div>\n<\/div>\n<\/div>\n","protected":false},"excerpt":{"rendered":"<p>Monitoring Schulwegsicherheit Vorher-Nachher-Monitoring: Schulweg Thurgauerstrasse ohne \/ mit provisorischer Passerelle&nbsp; Ort Z\u00fcrich Auftraggeber Stadt Z\u00fcrich Jahr 2025\u20132026 Wie misst sich die Schulwegsicherheit in Zahlen und Fakten? Viele Schulkinder des Schulhauses Thurgauerstrasse in Z\u00fcrich Oerlikon m\u00fcssen die vierspurige Strasse und das Tramtrassee auf ihrem Schulweg \u00fcberqueren. Auch mit der Lichtsignalanlage am Fussg\u00e4ngerstreifen ist diese Querung f\u00fcr [&hellip;]<\/p>\n","protected":false},"author":2,"featured_media":0,"parent":0,"menu_order":0,"comment_status":"closed","ping_status":"closed","template":"","meta":{"footnotes":""},"class_list":["post-659","page","type-page","status-publish","hentry"],"jetpack_sharing_enabled":true,"_links":{"self":[{"href":"https:\/\/schulwegsicherheit.ch\/sws\/index.php\/wp-json\/wp\/v2\/pages\/659","targetHints":{"allow":["GET"]}}],"collection":[{"href":"https:\/\/schulwegsicherheit.ch\/sws\/index.php\/wp-json\/wp\/v2\/pages"}],"about":[{"href":"https:\/\/schulwegsicherheit.ch\/sws\/index.php\/wp-json\/wp\/v2\/types\/page"}],"author":[{"embeddable":true,"href":"https:\/\/schulwegsicherheit.ch\/sws\/index.php\/wp-json\/wp\/v2\/users\/2"}],"replies":[{"embeddable":true,"href":"https:\/\/schulwegsicherheit.ch\/sws\/index.php\/wp-json\/wp\/v2\/comments?post=659"}],"version-history":[{"count":22,"href":"https:\/\/schulwegsicherheit.ch\/sws\/index.php\/wp-json\/wp\/v2\/pages\/659\/revisions"}],"predecessor-version":[{"id":965,"href":"https:\/\/schulwegsicherheit.ch\/sws\/index.php\/wp-json\/wp\/v2\/pages\/659\/revisions\/965"}],"wp:attachment":[{"href":"https:\/\/schulwegsicherheit.ch\/sws\/index.php\/wp-json\/wp\/v2\/media?parent=659"}],"curies":[{"name":"wp","href":"https:\/\/api.w.org\/{rel}","templated":true}]}}