{"id":626,"date":"2025-12-18T12:30:37","date_gmt":"2025-12-18T12:30:37","guid":{"rendered":"https:\/\/schulwegsicherheit.ch\/sws\/?page_id=626"},"modified":"2025-12-22T14:39:38","modified_gmt":"2025-12-22T14:39:38","slug":"schultransport","status":"publish","type":"page","link":"https:\/\/schulwegsicherheit.ch\/sws\/index.php\/schultransport\/","title":{"rendered":"Schultransport"},"content":{"rendered":"\n<div class=\"wp-block-group alignfull has-global-padding is-layout-constrained wp-block-group-is-layout-constrained\">\n<div class=\"wp-block-columns alignfull is-layout-flex wp-container-core-columns-is-layout-cf9dd0f5 wp-block-columns-is-layout-flex\" style=\"border-bottom-width:1px;margin-top:0;margin-bottom:0;padding-top:0;padding-right:0;padding-bottom:0;padding-left:0\">\n<div class=\"wp-block-column has-background is-layout-flow wp-block-column-is-layout-flow\" style=\"background-color:#e3c5ba;flex-basis:10vw\"><\/div>\n\n\n\n<div class=\"wp-block-column has-background is-layout-flow wp-container-core-column-is-layout-24419d1c wp-block-column-is-layout-flow\" style=\"background-color:#e3c5ba;padding-top:var(--wp--preset--spacing--30);padding-right:var(--wp--preset--spacing--30);padding-bottom:var(--wp--preset--spacing--30);padding-left:var(--wp--preset--spacing--30);flex-basis:40vw\">\n<div class=\"wp-block-group has-global-padding is-layout-constrained wp-block-group-is-layout-constrained\" style=\"margin-top:0;margin-bottom:0;padding-top:0;padding-bottom:0\">\n<h1 class=\"wp-block-heading has-text-align-left is-style-default has-georgia-font-family has-xx-large-font-size\">Schultransport<\/h1>\n\n\n\n<div style=\"height:3vh\" aria-hidden=\"true\" class=\"wp-block-spacer\"><\/div>\n\n\n\n<h1 class=\"wp-block-heading has-text-align-left is-style-default has-ab-baldingerpro-font-family has-x-large-font-size\" style=\"font-style:normal;font-weight:700\">\u00dcberpr\u00fcfung der Sch\u00fclertransportkosten Kanton Aargau<\/h1>\n\n\n\n<div style=\"height:2vh\" aria-hidden=\"true\" class=\"wp-block-spacer\"><\/div>\n\n\n\n<div class=\"wp-block-jetpack-slideshow\" data-effect=\"slide\" style=\"--aspect-ratio:calc(1291 \/ 977)\"><div class=\"wp-block-jetpack-slideshow_container swiper\"><ul class=\"wp-block-jetpack-slideshow_swiper-wrapper swiper-wrapper\"><li class=\"wp-block-jetpack-slideshow_slide swiper-slide\"><figure><img loading=\"lazy\" decoding=\"async\" width=\"1291\" height=\"977\" alt=\"Symbolbild, Verbindung von Gemeinden\" class=\"wp-block-jetpack-slideshow_image wp-image-632\" data-id=\"632\" data-aspect-ratio=\"1291 \/ 977\" src=\"https:\/\/schulwegsicherheit.ch\/sws\/wp-content\/uploads\/2025\/12\/Bild01_bearbeitet-1.jpg\" srcset=\"https:\/\/schulwegsicherheit.ch\/sws\/wp-content\/uploads\/2025\/12\/Bild01_bearbeitet-1.jpg 1291w, https:\/\/schulwegsicherheit.ch\/sws\/wp-content\/uploads\/2025\/12\/Bild01_bearbeitet-1-300x227.jpg 300w, https:\/\/schulwegsicherheit.ch\/sws\/wp-content\/uploads\/2025\/12\/Bild01_bearbeitet-1-1024x775.jpg 1024w, https:\/\/schulwegsicherheit.ch\/sws\/wp-content\/uploads\/2025\/12\/Bild01_bearbeitet-1-768x581.jpg 768w\" sizes=\"(max-width: 1291px) 100vw, 1291px\" \/><\/figure><\/li><li class=\"wp-block-jetpack-slideshow_slide swiper-slide\"><figure><img loading=\"lazy\" decoding=\"async\" width=\"1162\" height=\"812\" alt=\"Transportwege f\u00fcr eine Sonderschule\" class=\"wp-block-jetpack-slideshow_image wp-image-631\" data-id=\"631\" data-aspect-ratio=\"1162 \/ 812\" src=\"https:\/\/schulwegsicherheit.ch\/sws\/wp-content\/uploads\/2025\/12\/Bild02_bearbeitet.jpg\" srcset=\"https:\/\/schulwegsicherheit.ch\/sws\/wp-content\/uploads\/2025\/12\/Bild02_bearbeitet.jpg 1162w, https:\/\/schulwegsicherheit.ch\/sws\/wp-content\/uploads\/2025\/12\/Bild02_bearbeitet-300x210.jpg 300w, https:\/\/schulwegsicherheit.ch\/sws\/wp-content\/uploads\/2025\/12\/Bild02_bearbeitet-1024x716.jpg 1024w, https:\/\/schulwegsicherheit.ch\/sws\/wp-content\/uploads\/2025\/12\/Bild02_bearbeitet-768x537.jpg 768w\" sizes=\"(max-width: 1162px) 100vw, 1162px\" \/><\/figure><\/li><li class=\"wp-block-jetpack-slideshow_slide swiper-slide\"><figure><img loading=\"lazy\" decoding=\"async\" width=\"771\" height=\"502\" alt=\"S\u00e4ulendiagramm Transportart nach Einrichtungsgr\u00f6sse\" class=\"wp-block-jetpack-slideshow_image wp-image-628\" data-id=\"628\" data-aspect-ratio=\"771 \/ 502\" src=\"https:\/\/schulwegsicherheit.ch\/sws\/wp-content\/uploads\/2025\/12\/Bild03.jpg\" srcset=\"https:\/\/schulwegsicherheit.ch\/sws\/wp-content\/uploads\/2025\/12\/Bild03.jpg 771w, https:\/\/schulwegsicherheit.ch\/sws\/wp-content\/uploads\/2025\/12\/Bild03-300x195.jpg 300w, https:\/\/schulwegsicherheit.ch\/sws\/wp-content\/uploads\/2025\/12\/Bild03-768x500.jpg 768w\" sizes=\"(max-width: 771px) 100vw, 771px\" \/><\/figure><\/li><li class=\"wp-block-jetpack-slideshow_slide swiper-slide\"><figure><img loading=\"lazy\" decoding=\"async\" width=\"592\" height=\"499\" alt=\"Spannungsfeld Sch\u00fclertransport\" class=\"wp-block-jetpack-slideshow_image wp-image-629\" data-id=\"629\" data-aspect-ratio=\"592 \/ 499\" src=\"https:\/\/schulwegsicherheit.ch\/sws\/wp-content\/uploads\/2025\/12\/Bild04.jpg\" srcset=\"https:\/\/schulwegsicherheit.ch\/sws\/wp-content\/uploads\/2025\/12\/Bild04.jpg 592w, https:\/\/schulwegsicherheit.ch\/sws\/wp-content\/uploads\/2025\/12\/Bild04-300x253.jpg 300w\" sizes=\"(max-width: 592px) 100vw, 592px\" \/><\/figure><\/li><\/ul><a class=\"wp-block-jetpack-slideshow_button-prev swiper-button-prev swiper-button-white\" role=\"button\"><\/a><a class=\"wp-block-jetpack-slideshow_button-next swiper-button-next swiper-button-white\" role=\"button\"><\/a><a aria-label=\"Pause Slideshow\" class=\"wp-block-jetpack-slideshow_button-pause\" role=\"button\"><\/a><div class=\"wp-block-jetpack-slideshow_pagination swiper-pagination swiper-pagination-white\"><\/div><\/div><\/div>\n\n\n\n<div style=\"height:0.5vw\" aria-hidden=\"true\" class=\"wp-block-spacer\"><\/div>\n\n\n\n<div class=\"wp-block-group has-global-padding is-content-justification-left is-layout-constrained wp-container-core-group-is-layout-12dd3699 wp-block-group-is-layout-constrained\">\n<div class=\"wp-block-columns are-vertically-aligned-top is-not-stacked-on-mobile is-layout-flex wp-container-core-columns-is-layout-e0e4babd wp-block-columns-is-layout-flex\" style=\"padding-right:0;padding-left:0\">\n<div class=\"wp-block-column is-vertically-aligned-top is-layout-flow wp-block-column-is-layout-flow\" style=\"padding-bottom:var(--wp--preset--spacing--20);font-size:clamp(0.984rem, 0.984rem + ((1vw - 0.2rem) * 0.645), 1.5rem);font-style:normal;font-weight:600;flex-basis:30%\">\n<div class=\"wp-block-columns is-layout-flex wp-container-core-columns-is-layout-28f84493 wp-block-columns-is-layout-flex\">\n<div class=\"wp-block-column is-layout-flow wp-block-column-is-layout-flow\">\n<p class=\"has-small-font-size\" style=\"font-style:normal;font-weight:400\">Ort<\/p>\n\n\n\n<p class=\"has-large-font-size\" style=\"font-style:normal;font-weight:400\">Kanton Aargau<\/p>\n<\/div>\n<\/div>\n<\/div>\n\n\n\n<div class=\"wp-block-column is-layout-flow wp-block-column-is-layout-flow\" style=\"flex-basis:2.5%\"><\/div>\n\n\n\n<div class=\"wp-block-column is-vertically-aligned-top is-layout-flow wp-block-column-is-layout-flow\" style=\"padding-bottom:var(--wp--preset--spacing--20);font-size:clamp(0.984rem, 0.984rem + ((1vw - 0.2rem) * 0.645), 1.5rem);font-style:normal;font-weight:600;flex-basis:35%\">\n<p class=\"has-small-font-size\" style=\"font-style:normal;font-weight:400\">Auftraggeber<\/p>\n\n\n\n<p class=\"has-large-font-size\" style=\"font-style:normal;font-weight:400\">Kanton Aargau<\/p>\n<\/div>\n\n\n\n<div class=\"wp-block-column is-layout-flow wp-block-column-is-layout-flow\" style=\"flex-basis:2.5%\"><\/div>\n\n\n\n<div class=\"wp-block-column is-vertically-aligned-top is-layout-flow wp-block-column-is-layout-flow\" style=\"font-size:clamp(0.984rem, 0.984rem + ((1vw - 0.2rem) * 0.645), 1.5rem);font-style:normal;font-weight:600;flex-basis:30%\">\n<p class=\"has-small-font-size\" style=\"font-style:normal;font-weight:400\">Jahr<\/p>\n\n\n\n<p class=\"has-large-font-size\" style=\"font-style:normal;font-weight:400\">2017<\/p>\n<\/div>\n<\/div>\n<\/div>\n<\/div>\n<\/div>\n\n\n\n<div class=\"wp-block-column is-layout-flow wp-block-column-is-layout-flow\" style=\"border-top-width:1px;border-right-width:1px\"><\/div>\n\n\n\n<div class=\"wp-block-column is-layout-flow wp-block-column-is-layout-flow\" style=\"padding-top:var(--wp--preset--spacing--30);padding-right:var(--wp--preset--spacing--30);padding-bottom:var(--wp--preset--spacing--30);padding-left:var(--wp--preset--spacing--30);flex-basis:40vw\">\n<p class=\"has-large-font-size\" style=\"font-style:normal;font-weight:400\"><strong>Auch Sch\u00fclertransport kostet etwas<\/strong><\/p>\n\n\n\n<div style=\"height:0.75rem\" aria-hidden=\"true\" class=\"wp-block-spacer\"><\/div>\n\n\n\n<p class=\"has-large-font-size\" style=\"font-style:normal;font-weight:400\">F\u00fcr Schulkinder im Kanton Aargau fallen&nbsp;<strong>pro Jahr Transportkosten<\/strong>&nbsp;in der H\u00f6he von fast&nbsp;<strong>10 Mio. Franken<\/strong>&nbsp;an. Die Abteilung Sonderschulung, Heime und Werkst\u00e4tten des&nbsp;<strong>Kantons Aargau beauftragte uns<\/strong>&nbsp;deshalb, im Spannungsfeld zwischen Zumutbarkeit, Wirtschaftlichkeit und Zust\u00e4ndigkeiten die m\u00f6glichen <strong>Optimierungspotenziale aufzuzeigen.<\/strong><\/p>\n\n\n\n<div style=\"height:0.75rem\" aria-hidden=\"true\" class=\"wp-block-spacer\"><\/div>\n\n\n\n<p class=\"has-large-font-size\" style=\"font-style:normal;font-weight:400\">Im Rahmen unserer Studie wurden unter anderem folgende Fragestellungen verfolgt:<\/p>\n\n\n\n<div style=\"height:0.75rem\" aria-hidden=\"true\" class=\"wp-block-spacer\"><\/div>\n\n\n\n<ul class=\"wp-block-list\">\n<li class=\"has-large-font-size\">Wie gestalten sich die <strong>Transportkosten?<\/strong><\/li>\n<\/ul>\n\n\n\n<ul class=\"wp-block-list has-large-font-size\">\n<li>In welchen Bereichen sind klar \u00fcberproportionale Kosten erkennbar?&nbsp;<\/li>\n<\/ul>\n\n\n\n<ul class=\"wp-block-list has-large-font-size\">\n<li class=\"has-large-font-size\">Sind die&nbsp;<strong>gr\u00f6ssten Kostentreiber<\/strong>&nbsp;im Entscheidungsablauf bzw. in der Umsetzung?<\/li>\n<\/ul>\n\n\n\n<ul class=\"wp-block-list has-large-font-size\">\n<li class=\"has-large-font-size\">Welche Elemente im Hinblick auf ein <strong>optimiertes Regelwerk<\/strong>\u00a0sind zu pr\u00fcfen?\u00a0<\/li>\n<\/ul>\n\n\n\n<ul class=\"wp-block-list has-large-font-size\">\n<li class=\"has-large-font-size\">Welche Regelungen sind grunds\u00e4tzlich ins Auge zu fassen, hinsichtlich der <strong>Zumutbarkeitsgrenzen<\/strong>\u00a0f\u00fcr das Kind (max. Wartezeiten, Fahrzeit bzw. \u00abUmwege\u00bb bei Sammeltransporten)<\/li>\n<\/ul>\n\n\n\n<ul class=\"wp-block-list\">\n<li class=\"has-large-font-size\"><strong>Abwicklung der Schultransporte<\/strong>, insbesondere des Verkehrsmittels (\u00d6V, eigener Transport, Taxi, Eltern)<\/li>\n<\/ul>\n\n\n\n<div style=\"height:1.5rem\" aria-hidden=\"true\" class=\"wp-block-spacer\"><\/div>\n\n\n\n<p class=\"has-large-font-size\" style=\"font-style:normal;font-weight:400\">Aufgrund der Feststellung, dass die Transportkosten stark einrichtungsspezifisch gepr\u00e4gt sind, wurden&nbsp;<strong>drei<\/strong> <strong>Fallbeispiele<\/strong> von Sonderschulen ausgew\u00e4hlt und mit den f\u00fcr den Planungsprozess verantwortlichen Personen Gespr\u00e4che gef\u00fchrt.<\/p>\n\n\n\n<div style=\"height:0.75rem\" aria-hidden=\"true\" class=\"wp-block-spacer\"><\/div>\n\n\n\n<p class=\"has-large-font-size\" style=\"font-style:normal;font-weight:400\">Mit den daraus gewonnenen Erkenntnissen konnten wir unserer Auftraggeberschaft <strong>Empfehlungen zu Rahmenbedingungen, Vorgehen und Entscheidungshilfen<\/strong>&nbsp;liefern. Die Studie zeigte jedoch auch, dass die Einflussm\u00f6glichkeiten teilweise begrenzt sind und nicht auf alle Einrichtungen \u00fcbertragen werden k\u00f6nnen. Dennoch konnten mit der \u00dcberpr\u00fcfung der Sch\u00fclertransportkosten die Risiken evaluiert und neue Methoden entwickelt werden.<\/p>\n<\/div>\n\n\n\n<div class=\"wp-block-column has-base-2-background-color has-background is-layout-flow wp-block-column-is-layout-flow\" style=\"flex-basis:10vw\"><\/div>\n<\/div>\n<\/div>\n\n\n\n<div class=\"wp-block-group alignwide has-global-padding is-layout-constrained wp-container-core-group-is-layout-01870354 wp-block-group-is-layout-constrained\" style=\"padding-top:var(--wp--preset--spacing--10);padding-right:var(--wp--preset--spacing--10);padding-bottom:var(--wp--preset--spacing--10);padding-left:var(--wp--preset--spacing--10)\">\n<div class=\"wp-block-columns is-not-stacked-on-mobile is-layout-flex wp-container-core-columns-is-layout-e0e4babd wp-block-columns-is-layout-flex\" style=\"padding-right:0;padding-left:0\">\n<div class=\"wp-block-column is-layout-flow wp-block-column-is-layout-flow\" style=\"flex-basis:50%\">\n<p class=\"has-large-font-size\"><a href=\"https:\/\/schulwegsicherheit.ch\/sws\/index.php\/planung-massnahmen-schulwegsicherheit\/\" data-type=\"page\" data-id=\"518\">\u2190 Planung Massnahmen Schulwegsicherheit<\/a><\/p>\n<\/div>\n\n\n\n<div class=\"wp-block-column is-layout-flow wp-block-column-is-layout-flow\" style=\"flex-basis:50%\">\n<p class=\"has-text-align-right has-large-font-size\"><a href=\"https:\/\/schulwegsicherheit.ch\/sws\/index.php\/schwachstellenanalyse\/\" data-type=\"page\" data-id=\"112\"><\/a><a href=\"https:\/\/schulwegsicherheit.ch\/sws\/index.php\/analyse-schwachstellen-schulwegsicherheit\/\" data-type=\"page\" data-id=\"458\">Analyse Schwachstellen Schulwegsicherheit \u2192<\/a><\/p>\n<\/div>\n<\/div>\n<\/div>\n","protected":false},"excerpt":{"rendered":"<p>Schultransport \u00dcberpr\u00fcfung der Sch\u00fclertransportkosten Kanton Aargau Ort Kanton Aargau Auftraggeber Kanton Aargau Jahr 2017 Auch Sch\u00fclertransport kostet etwas F\u00fcr Schulkinder im Kanton Aargau fallen&nbsp;pro Jahr Transportkosten&nbsp;in der H\u00f6he von fast&nbsp;10 Mio. Franken&nbsp;an. Die Abteilung Sonderschulung, Heime und Werkst\u00e4tten des&nbsp;Kantons Aargau beauftragte uns&nbsp;deshalb, im Spannungsfeld zwischen Zumutbarkeit, Wirtschaftlichkeit und Zust\u00e4ndigkeiten die m\u00f6glichen Optimierungspotenziale aufzuzeigen. Im Rahmen [&hellip;]<\/p>\n","protected":false},"author":2,"featured_media":0,"parent":0,"menu_order":0,"comment_status":"closed","ping_status":"closed","template":"","meta":{"footnotes":""},"class_list":["post-626","page","type-page","status-publish","hentry"],"jetpack_sharing_enabled":true,"_links":{"self":[{"href":"https:\/\/schulwegsicherheit.ch\/sws\/index.php\/wp-json\/wp\/v2\/pages\/626","targetHints":{"allow":["GET"]}}],"collection":[{"href":"https:\/\/schulwegsicherheit.ch\/sws\/index.php\/wp-json\/wp\/v2\/pages"}],"about":[{"href":"https:\/\/schulwegsicherheit.ch\/sws\/index.php\/wp-json\/wp\/v2\/types\/page"}],"author":[{"embeddable":true,"href":"https:\/\/schulwegsicherheit.ch\/sws\/index.php\/wp-json\/wp\/v2\/users\/2"}],"replies":[{"embeddable":true,"href":"https:\/\/schulwegsicherheit.ch\/sws\/index.php\/wp-json\/wp\/v2\/comments?post=626"}],"version-history":[{"count":24,"href":"https:\/\/schulwegsicherheit.ch\/sws\/index.php\/wp-json\/wp\/v2\/pages\/626\/revisions"}],"predecessor-version":[{"id":914,"href":"https:\/\/schulwegsicherheit.ch\/sws\/index.php\/wp-json\/wp\/v2\/pages\/626\/revisions\/914"}],"wp:attachment":[{"href":"https:\/\/schulwegsicherheit.ch\/sws\/index.php\/wp-json\/wp\/v2\/media?parent=626"}],"curies":[{"name":"wp","href":"https:\/\/api.w.org\/{rel}","templated":true}]}}