{"id":530,"date":"2025-12-10T15:34:33","date_gmt":"2025-12-10T15:34:33","guid":{"rendered":"https:\/\/schulwegsicherheit.ch\/sws\/?page_id=530"},"modified":"2026-03-25T12:24:57","modified_gmt":"2026-03-25T12:24:57","slug":"schulwegplan","status":"publish","type":"page","link":"https:\/\/schulwegsicherheit.ch\/sws\/index.php\/schulwegplan\/","title":{"rendered":"Schulwegplan"},"content":{"rendered":"\n<div class=\"wp-block-group alignfull has-global-padding is-layout-constrained wp-block-group-is-layout-constrained\">\n<div class=\"wp-block-columns alignfull is-layout-flex wp-container-core-columns-is-layout-cf9dd0f5 wp-block-columns-is-layout-flex\" style=\"border-top-style:none;border-top-width:0rem;border-bottom-width:1px;margin-top:0;margin-bottom:0;padding-top:0;padding-right:0;padding-bottom:0;padding-left:0\">\n<div class=\"wp-block-column has-background is-layout-flow wp-block-column-is-layout-flow\" style=\"background-color:#e3d6ba;flex-basis:10vw\"><\/div>\n\n\n\n<div class=\"wp-block-column has-background is-layout-flow wp-container-core-column-is-layout-24419d1c wp-block-column-is-layout-flow\" style=\"background-color:#e3d6ba;padding-top:var(--wp--preset--spacing--30);padding-right:var(--wp--preset--spacing--30);padding-bottom:var(--wp--preset--spacing--30);padding-left:var(--wp--preset--spacing--30);flex-basis:40vw\">\n<div class=\"wp-block-group has-global-padding is-layout-constrained wp-block-group-is-layout-constrained\" style=\"margin-top:0;margin-bottom:0;padding-top:0;padding-bottom:0\">\n<h1 class=\"wp-block-heading has-text-align-left is-style-default has-georgia-font-family has-xx-large-font-size\">Schulwegplan<\/h1>\n\n\n\n<div style=\"height:3vh\" aria-hidden=\"true\" class=\"wp-block-spacer\"><\/div>\n\n\n\n<h1 class=\"wp-block-heading has-text-align-left is-style-default has-ab-baldingerpro-font-family has-x-large-font-size\" style=\"font-style:normal;font-weight:700\">Schulwegplan Uster<\/h1>\n\n\n\n<div style=\"height:2vh\" aria-hidden=\"true\" class=\"wp-block-spacer\"><\/div>\n\n\n\n<div class=\"wp-block-jetpack-slideshow\" data-effect=\"slide\" style=\"--aspect-ratio:calc(1717 \/ 1280)\"><div class=\"wp-block-jetpack-slideshow_container swiper\"><ul class=\"wp-block-jetpack-slideshow_swiper-wrapper swiper-wrapper\"><li class=\"wp-block-jetpack-slideshow_slide swiper-slide\"><figure><img loading=\"lazy\" decoding=\"async\" width=\"1717\" height=\"1280\" alt=\"Digitaler Schulwegplaner Uster\" class=\"wp-block-jetpack-slideshow_image wp-image-998\" data-id=\"998\" data-aspect-ratio=\"1717 \/ 1280\" src=\"https:\/\/schulwegsicherheit.ch\/sws\/wp-content\/uploads\/2026\/03\/Webgis.jpg\" srcset=\"https:\/\/schulwegsicherheit.ch\/sws\/wp-content\/uploads\/2026\/03\/Webgis.jpg 1717w, https:\/\/schulwegsicherheit.ch\/sws\/wp-content\/uploads\/2026\/03\/Webgis-300x224.jpg 300w, https:\/\/schulwegsicherheit.ch\/sws\/wp-content\/uploads\/2026\/03\/Webgis-1024x763.jpg 1024w, https:\/\/schulwegsicherheit.ch\/sws\/wp-content\/uploads\/2026\/03\/Webgis-768x573.jpg 768w, https:\/\/schulwegsicherheit.ch\/sws\/wp-content\/uploads\/2026\/03\/Webgis-1536x1145.jpg 1536w\" sizes=\"(max-width: 1717px) 100vw, 1717px\" \/><\/figure><\/li><li class=\"wp-block-jetpack-slideshow_slide swiper-slide\"><figure><img loading=\"lazy\" decoding=\"async\" width=\"900\" height=\"557\" alt=\"Metron entwickelt f\u00fcr die Stadt Uster einen digitalen Schulwegplaner f\u00fcr si-chere, kindgerechte Fusswege zu Schule und Kindergarten im gesamten Stadtgebiet.\" class=\"wp-block-jetpack-slideshow_image wp-image-1001\" data-id=\"1001\" data-aspect-ratio=\"900 \/ 557\" src=\"https:\/\/schulwegsicherheit.ch\/sws\/wp-content\/uploads\/2026\/03\/Tool-inkl-Quelle.jpg\" srcset=\"https:\/\/schulwegsicherheit.ch\/sws\/wp-content\/uploads\/2026\/03\/Tool-inkl-Quelle.jpg 900w, https:\/\/schulwegsicherheit.ch\/sws\/wp-content\/uploads\/2026\/03\/Tool-inkl-Quelle-300x186.jpg 300w, https:\/\/schulwegsicherheit.ch\/sws\/wp-content\/uploads\/2026\/03\/Tool-inkl-Quelle-768x475.jpg 768w\" sizes=\"(max-width: 900px) 100vw, 900px\" \/><\/figure><\/li><\/ul><a class=\"wp-block-jetpack-slideshow_button-prev swiper-button-prev swiper-button-white\" role=\"button\"><\/a><a class=\"wp-block-jetpack-slideshow_button-next swiper-button-next swiper-button-white\" role=\"button\"><\/a><a aria-label=\"Pause Slideshow\" class=\"wp-block-jetpack-slideshow_button-pause\" role=\"button\"><\/a><div class=\"wp-block-jetpack-slideshow_pagination swiper-pagination swiper-pagination-white\"><\/div><\/div><\/div>\n\n\n\n<div style=\"height:0.5vw\" aria-hidden=\"true\" class=\"wp-block-spacer\"><\/div>\n\n\n\n<div class=\"wp-block-group has-global-padding is-content-justification-left is-layout-constrained wp-container-core-group-is-layout-12dd3699 wp-block-group-is-layout-constrained\">\n<div class=\"wp-block-columns are-vertically-aligned-top is-not-stacked-on-mobile is-layout-flex wp-container-core-columns-is-layout-e0e4babd wp-block-columns-is-layout-flex\" style=\"padding-right:0;padding-left:0\">\n<div class=\"wp-block-column is-vertically-aligned-top is-layout-flow wp-block-column-is-layout-flow\" style=\"padding-bottom:var(--wp--preset--spacing--20);font-size:clamp(0.984rem, 0.984rem + ((1vw - 0.2rem) * 0.645), 1.5rem);font-style:normal;font-weight:600;flex-basis:30%\">\n<div class=\"wp-block-columns is-layout-flex wp-container-core-columns-is-layout-cd6a0e38 wp-block-columns-is-layout-flex\" style=\"padding-bottom:0\">\n<div class=\"wp-block-column is-layout-flow wp-block-column-is-layout-flow\">\n<p class=\"has-small-font-size\" style=\"font-style:normal;font-weight:400\">Ort<\/p>\n\n\n\n<p class=\"has-large-font-size\" style=\"font-style:normal;font-weight:400\">Uster<\/p>\n<\/div>\n<\/div>\n<\/div>\n\n\n\n<div class=\"wp-block-column is-layout-flow wp-block-column-is-layout-flow\" style=\"flex-basis:2.5%\"><\/div>\n\n\n\n<div class=\"wp-block-column is-vertically-aligned-top is-layout-flow wp-block-column-is-layout-flow\" style=\"padding-bottom:var(--wp--preset--spacing--20);font-size:clamp(0.984rem, 0.984rem + ((1vw - 0.2rem) * 0.645), 1.5rem);font-style:normal;font-weight:600;flex-basis:35%\">\n<p class=\"has-small-font-size\" style=\"font-style:normal;font-weight:400\">Auftraggeber<\/p>\n\n\n\n<p class=\"has-large-font-size\" style=\"font-style:normal;font-weight:400\">Schule Uster<\/p>\n<\/div>\n\n\n\n<div class=\"wp-block-column is-layout-flow wp-block-column-is-layout-flow\" style=\"flex-basis:2.5%\"><\/div>\n\n\n\n<div class=\"wp-block-column is-vertically-aligned-top is-layout-flow wp-block-column-is-layout-flow\" style=\"padding-bottom:0;font-size:clamp(0.984rem, 0.984rem + ((1vw - 0.2rem) * 0.645), 1.5rem);font-style:normal;font-weight:600;flex-basis:30%\">\n<p class=\"has-small-font-size\" style=\"font-style:normal;font-weight:400\">Jahr<\/p>\n\n\n\n<p class=\"has-large-font-size\" style=\"font-style:normal;font-weight:400\">2025\u20132026<\/p>\n<\/div>\n<\/div>\n<\/div>\n<\/div>\n<\/div>\n\n\n\n<div class=\"wp-block-column is-layout-flow wp-block-column-is-layout-flow\" style=\"border-top-width:1px;border-right-width:1px\"><\/div>\n\n\n\n<div class=\"wp-block-column is-layout-flow wp-block-column-is-layout-flow\" style=\"padding-top:var(--wp--preset--spacing--30);padding-right:var(--wp--preset--spacing--30);padding-bottom:var(--wp--preset--spacing--30);padding-left:var(--wp--preset--spacing--30);flex-basis:40vw\">\n<p class=\"has-large-font-size\" style=\"font-style:normal;font-weight:400\"><strong>Wie w\u00e4hle ich den sichersten Weg in die Schule aus?<\/strong><\/p>\n\n\n\n<div style=\"height:0.75rem\" aria-hidden=\"true\" class=\"wp-block-spacer\"><\/div>\n\n\n\n<p class=\"has-large-font-size\" style=\"font-style:normal;font-weight:400\">Diese Frage besch\u00e4ftigt zum Schulstart Eltern, Kinder und die Gemeinden. Denn auf dem Schulweg sind Kinder h\u00e4ufig mit gef\u00e4hrlichen oder komplexen Situationen im Strassenverkehr konfrontiert.<\/p>\n\n\n\n<div style=\"height:0.75rem\" aria-hidden=\"true\" class=\"wp-block-spacer\"><\/div>\n\n\n\n<p class=\"has-large-font-size\" style=\"font-style:normal;font-weight:400\">Wir von der Metron Verkehrsplanung durften f\u00fcr die Schulen der Stadt Uster einen <strong>digitalen Schulwegplaner<\/strong> entwickeln. Dieser Planer bietet eine <strong>Hilfestellung<\/strong> <strong>f\u00fcr Eltern und Betreuungspersonen<\/strong>, einen attraktiven Schulweg von zuhause bis zur Schule auszuw\u00e4hlen, den die Kinder sicher und selbst\u00e4ndig zur\u00fccklegen k\u00f6nnen.<\/p>\n\n\n\n<div style=\"height:0.75rem\" aria-hidden=\"true\" class=\"wp-block-spacer\"><\/div>\n\n\n\n<p>Zudem ist f\u00fcr alle Querungen (Fussg\u00e4ngerstreifen, Inseln, etc.) mit einem Ampelsystem dargestellt, an welcher Stelle eine Querung der Strasse empfohlen wird.<\/p>\n\n\n\n<div style=\"height:0.75rem\" aria-hidden=\"true\" class=\"wp-block-spacer\"><\/div>\n\n\n\n<p>Entsprechend der <strong>unterschiedlichen Entwicklungsphasen<\/strong> der unterschiedlichen Altersgruppen kann dabei zwischen Kindergartenkindern und Primarschulkindern ausgew\u00e4hlt werden.<\/p>\n\n\n\n<div style=\"height:0.75rem\" aria-hidden=\"true\" class=\"wp-block-spacer\"><\/div>\n\n\n\n<p>Der digitale Schulwegplaner, der auf dem WebGIS der Stadt Uster einsehbar ist, basiert auf einer umfassenden GIS-Analyse, in welcher wir die zu den Primarschulen und Kinderg\u00e4rten berechnet haben. Gemeinsam mit der Schule Uster haben wir <strong>wichtige Achsen<\/strong> und besonders <strong>kritische Stellen<\/strong>, wie stark befahrene Strassen oder gef\u00e4hrliche Querungen identifiziert. Das Schulwegnetz wurde anschliessend durch eine <a href=\"https:\/\/schulwegsicherheit.ch\/sws\/index.php\/analyse-schwachstellen-schulwegsicherheit\/\" data-type=\"page\" data-id=\"458\">Schwachstellenanalyse<\/a> vor Ort beurteilt und die Ergebnisse in Form des Schulwegplans zusammengefasst.<\/p>\n\n\n\n<div style=\"height:0.75rem\" aria-hidden=\"true\" class=\"wp-block-spacer\"><\/div>\n\n\n\n<p>Die Strassenquerungen wurden mittels eines Farbsystems klassifiziert. So wird aufgezeigt, welche Querungen f\u00fcr Schulkinder geeignet sind, bei welchen Querungen besondere Hinweise zu beachten sind und welche Querungen nicht empfohlen werden.<\/p>\n\n\n\n<div style=\"height:0.75rem\" aria-hidden=\"true\" class=\"wp-block-spacer\"><\/div>\n\n\n\n<p>F\u00fcr die festgestellten Schwachstellen hat Metron zudem eine Umsetzungsplanung entwickelt. Der Massnahmenkatalog enth\u00e4lt kurz- und langfristige Vorschl\u00e4ge zur baulichen Verbesserung, zur Optimierung der Verkehrsf\u00fchrung und zu erg\u00e4nzenden Massnahmen der Verkehrsschulung.<\/p>\n<\/div>\n\n\n\n<div class=\"wp-block-column has-base-2-background-color has-background is-layout-flow wp-block-column-is-layout-flow\" style=\"flex-basis:10vw\"><\/div>\n<\/div>\n<\/div>\n\n\n\n<div class=\"wp-block-group alignwide has-global-padding is-layout-constrained wp-container-core-group-is-layout-01870354 wp-block-group-is-layout-constrained\" style=\"padding-top:var(--wp--preset--spacing--10);padding-right:var(--wp--preset--spacing--10);padding-bottom:var(--wp--preset--spacing--10);padding-left:var(--wp--preset--spacing--10)\">\n<div class=\"wp-block-columns is-not-stacked-on-mobile is-layout-flex wp-container-core-columns-is-layout-e0e4babd wp-block-columns-is-layout-flex\" style=\"padding-right:0;padding-left:0\">\n<div class=\"wp-block-column is-layout-flow wp-block-column-is-layout-flow\" style=\"flex-basis:50%\">\n<p class=\"has-large-font-size\"><a href=\"https:\/\/schulwegsicherheit.ch\/sws\/index.php\/partizipative-loesungsentwicklung\/\" data-type=\"page\" data-id=\"112\">\u2190 Partizipative L\u00f6sungsentwicklung<\/a><\/p>\n<\/div>\n\n\n\n<div class=\"wp-block-column is-layout-flow wp-block-column-is-layout-flow\" style=\"flex-basis:50%\">\n<p class=\"has-text-align-right has-large-font-size\"><a href=\"https:\/\/schulwegsicherheit.ch\/sws\/index.php\/verkehrliche-ermittlung-einzugsgebiete-schulstandorte\/\" data-type=\"page\" data-id=\"412\">Verkehrliche Ermittlung Einzugsgebiete Schulstandorte \u2192<\/a><\/p>\n<\/div>\n<\/div>\n<\/div>\n","protected":false},"excerpt":{"rendered":"<p>Schulwegplan Schulwegplan Uster Ort Uster Auftraggeber Schule Uster Jahr 2025\u20132026 Wie w\u00e4hle ich den sichersten Weg in die Schule aus? Diese Frage besch\u00e4ftigt zum Schulstart Eltern, Kinder und die Gemeinden. Denn auf dem Schulweg sind Kinder h\u00e4ufig mit gef\u00e4hrlichen oder komplexen Situationen im Strassenverkehr konfrontiert. Wir von der Metron Verkehrsplanung durften f\u00fcr die Schulen der [&hellip;]<\/p>\n","protected":false},"author":2,"featured_media":0,"parent":0,"menu_order":0,"comment_status":"closed","ping_status":"closed","template":"","meta":{"footnotes":""},"class_list":["post-530","page","type-page","status-publish","hentry"],"jetpack_sharing_enabled":true,"_links":{"self":[{"href":"https:\/\/schulwegsicherheit.ch\/sws\/index.php\/wp-json\/wp\/v2\/pages\/530","targetHints":{"allow":["GET"]}}],"collection":[{"href":"https:\/\/schulwegsicherheit.ch\/sws\/index.php\/wp-json\/wp\/v2\/pages"}],"about":[{"href":"https:\/\/schulwegsicherheit.ch\/sws\/index.php\/wp-json\/wp\/v2\/types\/page"}],"author":[{"embeddable":true,"href":"https:\/\/schulwegsicherheit.ch\/sws\/index.php\/wp-json\/wp\/v2\/users\/2"}],"replies":[{"embeddable":true,"href":"https:\/\/schulwegsicherheit.ch\/sws\/index.php\/wp-json\/wp\/v2\/comments?post=530"}],"version-history":[{"count":24,"href":"https:\/\/schulwegsicherheit.ch\/sws\/index.php\/wp-json\/wp\/v2\/pages\/530\/revisions"}],"predecessor-version":[{"id":1002,"href":"https:\/\/schulwegsicherheit.ch\/sws\/index.php\/wp-json\/wp\/v2\/pages\/530\/revisions\/1002"}],"wp:attachment":[{"href":"https:\/\/schulwegsicherheit.ch\/sws\/index.php\/wp-json\/wp\/v2\/media?parent=530"}],"curies":[{"name":"wp","href":"https:\/\/api.w.org\/{rel}","templated":true}]}}