{"id":348,"date":"2025-12-09T10:08:32","date_gmt":"2025-12-09T10:08:32","guid":{"rendered":"https:\/\/schulwegsicherheit.ch\/sws\/?page_id=348"},"modified":"2026-01-08T13:24:57","modified_gmt":"2026-01-08T13:24:57","slug":"befragungen-kinder-und-eltern","status":"publish","type":"page","link":"https:\/\/schulwegsicherheit.ch\/sws\/index.php\/befragungen-kinder-und-eltern\/","title":{"rendered":"Befragungen Kinder und Eltern"},"content":{"rendered":"\n<div class=\"wp-block-group alignfull has-global-padding is-layout-constrained wp-block-group-is-layout-constrained\">\n<div class=\"wp-block-columns alignfull is-layout-flex wp-container-core-columns-is-layout-cf9dd0f5 wp-block-columns-is-layout-flex\" style=\"border-bottom-width:1px;margin-top:0;margin-bottom:0;padding-top:0;padding-right:0;padding-bottom:0;padding-left:0\">\n<div class=\"wp-block-column has-background is-layout-flow wp-block-column-is-layout-flow\" style=\"background-color:#bad9e3;padding-top:0;padding-bottom:0;flex-basis:10vw\"><\/div>\n\n\n\n<div class=\"wp-block-column has-background is-layout-flow wp-container-core-column-is-layout-2d06dfa0 wp-block-column-is-layout-flow\" style=\"border-top-left-radius:0px;border-top-right-radius:0px;border-bottom-left-radius:0px;border-bottom-right-radius:0px;background-color:#bad9e3;padding-top:var(--wp--preset--spacing--30);padding-right:var(--wp--preset--spacing--30);padding-bottom:var(--wp--preset--spacing--30);padding-left:var(--wp--preset--spacing--30);flex-basis:40vw\">\n<div class=\"wp-block-group has-global-padding is-layout-constrained wp-block-group-is-layout-constrained\" style=\"margin-top:0;margin-bottom:0;padding-top:0;padding-bottom:0\">\n<h1 class=\"wp-block-heading has-text-align-left is-style-default has-georgia-font-family has-xx-large-font-size\">Befragungen Kinder und Eltern<\/h1>\n\n\n\n<div style=\"height:3vh\" aria-hidden=\"true\" class=\"wp-block-spacer\"><\/div>\n\n\n\n<h1 class=\"wp-block-heading has-text-align-left is-style-default has-ab-baldingerpro-font-family has-x-large-font-size\" style=\"font-style:normal;font-weight:700\">Kartenbasierte Umfrage zu Schwachstellen in H\u00fcnenberg, Kanton Zug<\/h1>\n\n\n\n<div style=\"height:2vh\" aria-hidden=\"true\" class=\"wp-block-spacer\"><\/div>\n\n\n\n<div class=\"wp-block-jetpack-slideshow\" data-effect=\"slide\" style=\"--aspect-ratio:calc(2560 \/ 1920)\"><div class=\"wp-block-jetpack-slideshow_container swiper\"><ul class=\"wp-block-jetpack-slideshow_swiper-wrapper swiper-wrapper\"><li class=\"wp-block-jetpack-slideshow_slide swiper-slide\"><figure><img loading=\"lazy\" decoding=\"async\" width=\"2560\" height=\"1920\" alt=\"Zwei Kinder queren einen Fussg\u00e4ngerstreifen\" class=\"wp-block-jetpack-slideshow_image wp-image-406\" data-id=\"406\" data-aspect-ratio=\"2560 \/ 1920\" src=\"https:\/\/schulwegsicherheit.ch\/sws\/wp-content\/uploads\/2025\/12\/IMG_1300-1-scaled.jpg\" srcset=\"https:\/\/schulwegsicherheit.ch\/sws\/wp-content\/uploads\/2025\/12\/IMG_1300-1-scaled.jpg 2560w, https:\/\/schulwegsicherheit.ch\/sws\/wp-content\/uploads\/2025\/12\/IMG_1300-1-300x225.jpg 300w, https:\/\/schulwegsicherheit.ch\/sws\/wp-content\/uploads\/2025\/12\/IMG_1300-1-1024x768.jpg 1024w, https:\/\/schulwegsicherheit.ch\/sws\/wp-content\/uploads\/2025\/12\/IMG_1300-1-768x576.jpg 768w, https:\/\/schulwegsicherheit.ch\/sws\/wp-content\/uploads\/2025\/12\/IMG_1300-1-1536x1152.jpg 1536w, https:\/\/schulwegsicherheit.ch\/sws\/wp-content\/uploads\/2025\/12\/IMG_1300-1-2048x1536.jpg 2048w\" sizes=\"(max-width: 2560px) 100vw, 2560px\" \/><\/figure><\/li><li class=\"wp-block-jetpack-slideshow_slide swiper-slide\"><figure><img loading=\"lazy\" decoding=\"async\" width=\"867\" height=\"650\" alt=\"\u00dcbersichtskarte der gemeldeten Gefahrenstellen\" class=\"wp-block-jetpack-slideshow_image wp-image-643\" data-id=\"643\" data-aspect-ratio=\"867 \/ 650\" src=\"https:\/\/schulwegsicherheit.ch\/sws\/wp-content\/uploads\/2025\/12\/Bild03-1.jpg\" srcset=\"https:\/\/schulwegsicherheit.ch\/sws\/wp-content\/uploads\/2025\/12\/Bild03-1.jpg 867w, https:\/\/schulwegsicherheit.ch\/sws\/wp-content\/uploads\/2025\/12\/Bild03-1-300x225.jpg 300w, https:\/\/schulwegsicherheit.ch\/sws\/wp-content\/uploads\/2025\/12\/Bild03-1-768x576.jpg 768w\" sizes=\"(max-width: 867px) 100vw, 867px\" \/><\/figure><\/li><li class=\"wp-block-jetpack-slideshow_slide swiper-slide\"><figure><img loading=\"lazy\" decoding=\"async\" width=\"511\" height=\"683\" alt=\"\u00dcbersichtskarte der online eingetragenen Schulwege\" class=\"wp-block-jetpack-slideshow_image wp-image-979\" data-id=\"979\" data-aspect-ratio=\"511 \/ 683\" src=\"https:\/\/schulwegsicherheit.ch\/sws\/wp-content\/uploads\/2026\/01\/Bild04-2.jpg\" srcset=\"https:\/\/schulwegsicherheit.ch\/sws\/wp-content\/uploads\/2026\/01\/Bild04-2.jpg 511w, https:\/\/schulwegsicherheit.ch\/sws\/wp-content\/uploads\/2026\/01\/Bild04-2-224x300.jpg 224w\" sizes=\"(max-width: 511px) 100vw, 511px\" \/><\/figure><\/li><li class=\"wp-block-jetpack-slideshow_slide swiper-slide\"><figure><img loading=\"lazy\" decoding=\"async\" width=\"874\" height=\"1240\" alt=\"Flyer Onlineumfrage Schulwegsicherheit H\u00fcnenberg\" class=\"wp-block-jetpack-slideshow_image wp-image-642\" data-id=\"642\" data-aspect-ratio=\"874 \/ 1240\" src=\"https:\/\/schulwegsicherheit.ch\/sws\/wp-content\/uploads\/2025\/12\/Bild01-1.jpg\" srcset=\"https:\/\/schulwegsicherheit.ch\/sws\/wp-content\/uploads\/2025\/12\/Bild01-1.jpg 874w, https:\/\/schulwegsicherheit.ch\/sws\/wp-content\/uploads\/2025\/12\/Bild01-1-211x300.jpg 211w, https:\/\/schulwegsicherheit.ch\/sws\/wp-content\/uploads\/2025\/12\/Bild01-1-722x1024.jpg 722w, https:\/\/schulwegsicherheit.ch\/sws\/wp-content\/uploads\/2025\/12\/Bild01-1-768x1090.jpg 768w\" sizes=\"(max-width: 874px) 100vw, 874px\" \/><\/figure><\/li><\/ul><a class=\"wp-block-jetpack-slideshow_button-prev swiper-button-prev swiper-button-white\" role=\"button\"><\/a><a class=\"wp-block-jetpack-slideshow_button-next swiper-button-next swiper-button-white\" role=\"button\"><\/a><a aria-label=\"Pause Slideshow\" class=\"wp-block-jetpack-slideshow_button-pause\" role=\"button\"><\/a><div class=\"wp-block-jetpack-slideshow_pagination swiper-pagination swiper-pagination-white\"><\/div><\/div><\/div>\n\n\n\n<div style=\"height:5px\" aria-hidden=\"true\" class=\"wp-block-spacer\"><\/div>\n\n\n\n<div class=\"wp-block-group has-global-padding is-content-justification-left is-layout-constrained wp-container-core-group-is-layout-12dd3699 wp-block-group-is-layout-constrained\">\n<div class=\"wp-block-columns are-vertically-aligned-top is-not-stacked-on-mobile is-layout-flex wp-container-core-columns-is-layout-e0e4babd wp-block-columns-is-layout-flex\" style=\"padding-right:0;padding-left:0\">\n<div class=\"wp-block-column is-vertically-aligned-top is-layout-flow wp-block-column-is-layout-flow\" style=\"padding-bottom:var(--wp--preset--spacing--20);font-size:clamp(0.984rem, 0.984rem + ((1vw - 0.2rem) * 0.645), 1.5rem);font-style:normal;font-weight:600;flex-basis:30%\">\n<div class=\"wp-block-columns is-layout-flex wp-container-core-columns-is-layout-cd6a0e38 wp-block-columns-is-layout-flex\" style=\"padding-bottom:0\">\n<div class=\"wp-block-column is-layout-flow wp-block-column-is-layout-flow\">\n<p class=\"has-small-font-size\" style=\"font-style:normal;font-weight:400\">Ort<\/p>\n\n\n\n<p class=\"has-large-font-size\" style=\"font-style:normal;font-weight:400\">H\u00fcnenberg<\/p>\n<\/div>\n<\/div>\n<\/div>\n\n\n\n<div class=\"wp-block-column is-layout-flow wp-block-column-is-layout-flow\" style=\"flex-basis:2.5%\"><\/div>\n\n\n\n<div class=\"wp-block-column is-vertically-aligned-top is-layout-flow wp-block-column-is-layout-flow\" style=\"padding-bottom:var(--wp--preset--spacing--20);font-size:clamp(0.984rem, 0.984rem + ((1vw - 0.2rem) * 0.645), 1.5rem);font-style:normal;font-weight:600;flex-basis:35%\">\n<p class=\"has-small-font-size\" style=\"font-style:normal;font-weight:400\">Auftraggeber<\/p>\n\n\n\n<p class=\"has-large-font-size\" style=\"font-style:normal;font-weight:400\">Schulen H\u00fcnenberg<\/p>\n<\/div>\n\n\n\n<div class=\"wp-block-column is-layout-flow wp-block-column-is-layout-flow\" style=\"flex-basis:2.5%\"><\/div>\n\n\n\n<div class=\"wp-block-column is-vertically-aligned-top is-layout-flow wp-block-column-is-layout-flow\" style=\"padding-bottom:0;font-size:clamp(0.984rem, 0.984rem + ((1vw - 0.2rem) * 0.645), 1.5rem);font-style:normal;font-weight:600;flex-basis:30%\">\n<p class=\"has-small-font-size\" style=\"font-style:normal;font-weight:400\">Jahr<\/p>\n\n\n\n<p class=\"has-large-font-size\" style=\"font-style:normal;font-weight:400\">2022\u20132023<\/p>\n<\/div>\n<\/div>\n<\/div>\n<\/div>\n<\/div>\n\n\n\n<div class=\"wp-block-column is-layout-flow wp-block-column-is-layout-flow\" style=\"border-top-width:1px;border-right-width:1px\"><\/div>\n\n\n\n<div class=\"wp-block-column is-layout-flow wp-block-column-is-layout-flow\" style=\"padding-top:var(--wp--preset--spacing--30);padding-right:var(--wp--preset--spacing--30);padding-bottom:var(--wp--preset--spacing--30);padding-left:var(--wp--preset--spacing--30);flex-basis:40vw\">\n<p class=\"has-large-font-size\" style=\"font-style:normal;font-weight:400\">\u00ab<strong>Wie sicher findest Du Deinen Schulweg?\u00bb<\/strong><\/p>\n\n\n\n<div style=\"height:0.75rem\" aria-hidden=\"true\" class=\"wp-block-spacer\"><\/div>\n\n\n\n<p class=\"has-large-font-size\" style=\"font-style:normal;font-weight:400\">Diese Frage haben wir der Bev\u00f6lkerung in der Zuger Gemeinde H\u00fcnenberg gestellt. Das Ziel war die Ermittlung von&nbsp;<strong>h\u00e4ufig genutzten Schulwegen<\/strong>&nbsp;sowie die Er\u00f6rterung von&nbsp;<strong>Schwachstellen<\/strong>&nbsp;aus Sicht der Betroffenen im Gemeindegebiet.<\/p>\n\n\n\n<div style=\"height:0.75rem\" aria-hidden=\"true\" class=\"wp-block-spacer\"><\/div>\n\n\n\n<p class=\"has-large-font-size\" style=\"font-style:normal;font-weight:400\">Im Rahmen einer&nbsp;<strong>kartenbasierten Umfrage<\/strong>&nbsp;haben wir die Sch\u00fclerinnen und Sch\u00fcler, Eltern und Lehrpersonen dazu aufgerufen, ihr&nbsp;<strong>lokales Wissen<\/strong>&nbsp;\u00fcber Schwachstellen, potenzielle Schulwege und ihre Anliegen zur Schulwegsicherheit einzutragen. Der Zugang zur Umfrage erfolgte ganz einfach mittels QR-Code und konnte somit breit gestreut werden. Die Konzipierung, Umsetzung sowie die Auswertung der Umfrage wurden vollst\u00e4ndig durch uns durchgef\u00fchrt. Die Gemeinde H\u00fcnenberg konnte sich somit einfach um die Kommunikation k\u00fcmmern.<\/p>\n\n\n\n<div style=\"height:0.75rem\" aria-hidden=\"true\" class=\"wp-block-spacer\"><\/div>\n\n\n\n<p class=\"has-large-font-size\" style=\"font-style:normal;font-weight:400\">An der Umfrage nahmen rund 450 Sch\u00fclerinnen und Sch\u00fcler, Eltern und Lehrpersonen der Schulen H\u00fcnenberg teil. Diese Ergebnisse geben&nbsp;<strong>wichtige Hinweise zu den Gefahrenstellen<\/strong>&nbsp;auf dem Schulwegnetz in H\u00fcnenberg.<\/p>\n\n\n\n<div style=\"height:0.75rem\" aria-hidden=\"true\" class=\"wp-block-spacer\"><\/div>\n\n\n\n<p class=\"has-large-font-size\" style=\"font-style:normal;font-weight:400\">Die Umfrage war eingebettet in eine umfassende Analyse und L\u00f6sungsentwicklung des Schulwegnetzes. So wurde neben der Umfrage auch eine fachliche&nbsp;<strong>Schwachstellenanalyse<\/strong>&nbsp;durchgef\u00fchrt. F\u00fcr die festgestellten Schwachstellen hat Metron eine Umsetzungsplanung entwickelt. Der <strong>Massnahmenkatalog<\/strong>&nbsp;enth\u00e4lt kurz- und langfristige Vorschl\u00e4ge zur baulichen Verbesserung, zur Optimierung der Verkehrsf\u00fchrung und zu erg\u00e4nzenden Massnahmen der Verkehrsschulung.<\/p>\n<\/div>\n\n\n\n<div class=\"wp-block-column has-base-2-background-color has-background is-layout-flow wp-block-column-is-layout-flow\" style=\"flex-basis:10vw\"><\/div>\n<\/div>\n<\/div>\n\n\n\n<div class=\"wp-block-group alignwide has-global-padding is-layout-constrained wp-container-core-group-is-layout-01870354 wp-block-group-is-layout-constrained\" style=\"padding-top:var(--wp--preset--spacing--10);padding-right:var(--wp--preset--spacing--10);padding-bottom:var(--wp--preset--spacing--10);padding-left:var(--wp--preset--spacing--10)\">\n<div class=\"wp-block-columns is-not-stacked-on-mobile is-layout-flex wp-container-core-columns-is-layout-e0e4babd wp-block-columns-is-layout-flex\" style=\"padding-right:0;padding-left:0\">\n<div class=\"wp-block-column is-layout-flow wp-block-column-is-layout-flow\" style=\"flex-basis:50%\">\n<p class=\"has-large-font-size\"><a href=\"https:\/\/schulwegsicherheit.ch\/sws\/index.php\/analyse-schwachstellen-schulwegsicherheit\/\" data-type=\"page\" data-id=\"458\">\u2190 Analyse Schwachstellen Schulwegsicherheit<\/a><\/p>\n<\/div>\n\n\n\n<div class=\"wp-block-column is-layout-flow wp-block-column-is-layout-flow\" style=\"flex-basis:50%\">\n<p class=\"has-text-align-right has-large-font-size\"><a href=\"https:\/\/schulwegsicherheit.ch\/sws\/index.php\/partizipative-loesungsentwicklung\/\" data-type=\"page\" data-id=\"112\">Partizipative L\u00f6sungsentwicklung \u2192<\/a><\/p>\n<\/div>\n<\/div>\n<\/div>\n","protected":false},"excerpt":{"rendered":"<p>Befragungen Kinder und Eltern Kartenbasierte Umfrage zu Schwachstellen in H\u00fcnenberg, Kanton Zug Ort H\u00fcnenberg Auftraggeber Schulen H\u00fcnenberg Jahr 2022\u20132023 \u00abWie sicher findest Du Deinen Schulweg?\u00bb Diese Frage haben wir der Bev\u00f6lkerung in der Zuger Gemeinde H\u00fcnenberg gestellt. Das Ziel war die Ermittlung von&nbsp;h\u00e4ufig genutzten Schulwegen&nbsp;sowie die Er\u00f6rterung von&nbsp;Schwachstellen&nbsp;aus Sicht der Betroffenen im Gemeindegebiet. Im Rahmen [&hellip;]<\/p>\n","protected":false},"author":2,"featured_media":0,"parent":0,"menu_order":0,"comment_status":"closed","ping_status":"closed","template":"","meta":{"footnotes":""},"class_list":["post-348","page","type-page","status-publish","hentry"],"jetpack_sharing_enabled":true,"_links":{"self":[{"href":"https:\/\/schulwegsicherheit.ch\/sws\/index.php\/wp-json\/wp\/v2\/pages\/348","targetHints":{"allow":["GET"]}}],"collection":[{"href":"https:\/\/schulwegsicherheit.ch\/sws\/index.php\/wp-json\/wp\/v2\/pages"}],"about":[{"href":"https:\/\/schulwegsicherheit.ch\/sws\/index.php\/wp-json\/wp\/v2\/types\/page"}],"author":[{"embeddable":true,"href":"https:\/\/schulwegsicherheit.ch\/sws\/index.php\/wp-json\/wp\/v2\/users\/2"}],"replies":[{"embeddable":true,"href":"https:\/\/schulwegsicherheit.ch\/sws\/index.php\/wp-json\/wp\/v2\/comments?post=348"}],"version-history":[{"count":77,"href":"https:\/\/schulwegsicherheit.ch\/sws\/index.php\/wp-json\/wp\/v2\/pages\/348\/revisions"}],"predecessor-version":[{"id":980,"href":"https:\/\/schulwegsicherheit.ch\/sws\/index.php\/wp-json\/wp\/v2\/pages\/348\/revisions\/980"}],"wp:attachment":[{"href":"https:\/\/schulwegsicherheit.ch\/sws\/index.php\/wp-json\/wp\/v2\/media?parent=348"}],"curies":[{"name":"wp","href":"https:\/\/api.w.org\/{rel}","templated":true}]}}